{"id":25996127,"date":"2026-01-12T15:39:08","date_gmt":"2026-01-12T14:39:08","guid":{"rendered":"https:\/\/zapolodge.com\/restauration\/"},"modified":"2026-01-12T21:35:52","modified_gmt":"2026-01-12T20:35:52","slug":"restauration","status":"publish","type":"page","link":"https:\/\/zapolodge.com\/es\/restauration\/","title":{"rendered":"Restauraci\u00f3n"},"content":{"rendered":"<p>[et_pb_section fb_built=\u00bb1&#8243; _builder_version=\u00bb4.27.5&#8243; _module_preset=\u00bbdefault\u00bb background_image=\u00bbhttps:\/\/zapolodge.com\/wp-content\/uploads\/2025\/12\/ChatGPT-Image-17-dec.-2025-15_58_44.jpg\u00bb background_enable_video_mp4=\u00bboff\u00bb custom_padding=\u00bb187px||187px||true|false\u00bb global_colors_info=\u00bb{}\u00bb][et_pb_row _builder_version=\u00bb4.27.5&#8243; _module_preset=\u00bbdefault\u00bb global_colors_info=\u00bb{}\u00bb][et_pb_column type=\u00bb4_4&#8243; _builder_version=\u00bb4.27.5&#8243; _module_preset=\u00bbdefault\u00bb global_colors_info=\u00bb{}\u00bb][et_pb_text _builder_version=\u00bb4.27.5&#8243; _module_preset=\u00bbdefault\u00bb header_text_color=\u00bb#FFFFFF\u00bb header_font_size=\u00bb35px\u00bb hover_enabled=\u00bb0&#8243; header_text_shadow_style=\u00bbpreset1&#8243; global_colors_info=\u00bb{}\u00bb sticky_enabled=\u00bb0&#8243;]<\/p>\n<h1 style=\"text-align: center;\"><strong>Restauraci\u00f3n<\/strong><\/h1>\n<p>[\/et_pb_text][\/et_pb_column][\/et_pb_row][\/et_pb_section][et_pb_section fb_built=\u00bb1&#8243; _builder_version=\u00bb4.27.5&#8243; _module_preset=\u00bbdefault\u00bb global_colors_info=\u00bb{}\u00bb][et_pb_row column_structure=\u00bb1_2,1_2&#8243; make_equal=\u00bbon\u00bb _builder_version=\u00bb4.27.5&#8243; _module_preset=\u00bbdefault\u00bb animation_style=\u00bbfade\u00bb global_colors_info=\u00bb{}\u00bb][et_pb_column type=\u00bb1_2&#8243; _builder_version=\u00bb4.27.5&#8243; _module_preset=\u00bbdefault\u00bb global_colors_info=\u00bb{}\u00bb][et_pb_image src=\u00bbhttps:\/\/zapolodge.com\/wp-content\/uploads\/2025\/12\/ChatGPT-Image-17-dec.-2025-16_13_16.jpg\u00bb title_text=\u00bbChatGPT Image 17 de\u0301c. 2025, 16_13_16&#8243; _builder_version=\u00bb4.27.5&#8243; _module_preset=\u00bbdefault\u00bb global_colors_info=\u00bb{}\u00bb][\/et_pb_image][\/et_pb_column][et_pb_column type=\u00bb1_2&#8243; module_class=\u00bbcentrer-verticalement\u00bb _builder_version=\u00bb4.27.5&#8243; _module_preset=\u00bbdefault\u00bb global_colors_info=\u00bb{}\u00bb][et_pb_text _builder_version=\u00bb4.27.5&#8243; _module_preset=\u00bbdefault\u00bb text_orientation=\u00bbjustified\u00bb hover_enabled=\u00bb0&#8243; global_colors_info=\u00bb{}\u00bb sticky_enabled=\u00bb0&#8243;]<\/p>\n<p data-start=\"108\" data-end=\"321\"><strong data-start=\"108\" data-end=\"130\">Desayuno incluido:<\/strong> buffet completo, variado y equilibrado.<br data-start=\"170\" data-end=\"173\" \/><strong data-start=\"173\" data-end=\"197\">Almuerzo no servido.<\/strong><br data-start=\"197\" data-end=\"200\" \/><strong data-start=\"200\" data-end=\"218\">Cena incluida:<\/strong> men\u00fa completo (entrada, plato principal y postre), creado y renovado cada semana por nuestros chefs.<\/p>\n<p data-start=\"323\" data-end=\"488\">* <strong data-start=\"326\" data-end=\"354\">Solicitudes espec\u00edficas:<\/strong> alergias, dietas especiales, men\u00fa infantil u otras peticiones: por favor, inf\u00f3rmalo en recepci\u00f3n. Se podr\u00e1 proponer un men\u00fa adaptado.<\/p>\n<p data-start=\"490\" data-end=\"653\">Los fines de semana, antes de la cena, se ofrecen danzas y cantos tradicionales del Valle Sagrado y del Per\u00fa en el lodge, para vivir un momento cultural aut\u00e9ntico.<\/p>\n<p>[\/et_pb_text][\/et_pb_column][\/et_pb_row][\/et_pb_section]<\/p>\n","protected":false},"excerpt":{"rendered":"<p>Restauraci\u00f3nDesayuno incluido: buffet completo, variado y equilibrado.Almuerzo no servido.Cena incluida: men\u00fa completo (entrada, plato principal y postre), creado y renovado cada semana por nuestros chefs. * Solicitudes espec\u00edficas: alergias, dietas especiales, men\u00fa infantil u otras peticiones: por favor, inf\u00f3rmalo en recepci\u00f3n. Se podr\u00e1 proponer un men\u00fa adaptado. Los fines de semana, antes de la cena, [&hellip;]<\/p>\n","protected":false},"author":1,"featured_media":25996128,"parent":0,"menu_order":0,"comment_status":"closed","ping_status":"closed","template":"","meta":{"_et_pb_use_builder":"on","_et_pb_old_content":"","_et_gb_content_width":"","footnotes":""},"dipi_cpt_category":[],"class_list":["post-25996127","page","type-page","status-publish","has-post-thumbnail","hentry"],"_links":{"self":[{"href":"https:\/\/zapolodge.com\/es\/wp-json\/wp\/v2\/pages\/25996127","targetHints":{"allow":["GET"]}}],"collection":[{"href":"https:\/\/zapolodge.com\/es\/wp-json\/wp\/v2\/pages"}],"about":[{"href":"https:\/\/zapolodge.com\/es\/wp-json\/wp\/v2\/types\/page"}],"author":[{"embeddable":true,"href":"https:\/\/zapolodge.com\/es\/wp-json\/wp\/v2\/users\/1"}],"replies":[{"embeddable":true,"href":"https:\/\/zapolodge.com\/es\/wp-json\/wp\/v2\/comments?post=25996127"}],"version-history":[{"count":4,"href":"https:\/\/zapolodge.com\/es\/wp-json\/wp\/v2\/pages\/25996127\/revisions"}],"predecessor-version":[{"id":25996132,"href":"https:\/\/zapolodge.com\/es\/wp-json\/wp\/v2\/pages\/25996127\/revisions\/25996132"}],"wp:featuredmedia":[{"embeddable":true,"href":"https:\/\/zapolodge.com\/es\/wp-json\/wp\/v2\/media\/25996128"}],"wp:attachment":[{"href":"https:\/\/zapolodge.com\/es\/wp-json\/wp\/v2\/media?parent=25996127"}],"wp:term":[{"taxonomy":"dipi_cpt_category","embeddable":true,"href":"https:\/\/zapolodge.com\/es\/wp-json\/wp\/v2\/dipi_cpt_category?post=25996127"}],"curies":[{"name":"wp","href":"https:\/\/api.w.org\/{rel}","templated":true}]}}