{"id":25996120,"date":"2026-01-12T16:45:28","date_gmt":"2026-01-12T15:45:28","guid":{"rendered":"https:\/\/zapolodge.com\/bien-etre-ressourcement\/"},"modified":"2026-01-12T21:34:01","modified_gmt":"2026-01-12T20:34:01","slug":"bien-etre-ressourcement","status":"publish","type":"page","link":"https:\/\/zapolodge.com\/es\/bien-etre-ressourcement\/","title":{"rendered":"Bienestar y reconexi\u00f3n"},"content":{"rendered":"<p>[et_pb_section fb_built=\u00bb1&#8243; _builder_version=\u00bb4.27.5&#8243; _module_preset=\u00bbdefault\u00bb background_image=\u00bbhttps:\/\/zapolodge.com\/wp-content\/uploads\/2026\/01\/2151989324.jpg\u00bb background_enable_video_mp4=\u00bboff\u00bb custom_padding=\u00bb187px||187px||true|false\u00bb global_colors_info=\u00bb{}\u00bb][et_pb_row _builder_version=\u00bb4.27.5&#8243; _module_preset=\u00bbdefault\u00bb global_colors_info=\u00bb{}\u00bb][et_pb_column type=\u00bb4_4&#8243; _builder_version=\u00bb4.27.5&#8243; _module_preset=\u00bbdefault\u00bb global_colors_info=\u00bb{}\u00bb][et_pb_text _builder_version=\u00bb4.27.5&#8243; _module_preset=\u00bbdefault\u00bb header_text_color=\u00bb#FFFFFF\u00bb header_font_size=\u00bb35px\u00bb hover_enabled=\u00bb0&#8243; header_text_shadow_style=\u00bbpreset1&#8243; global_colors_info=\u00bb{}\u00bb sticky_enabled=\u00bb0&#8243;]<\/p>\n<h1 style=\"text-align: center;\"><strong>Bienestar y reconexi\u00f3n<\/strong><\/h1>\n<p>[\/et_pb_text][\/et_pb_column][\/et_pb_row][\/et_pb_section][et_pb_section fb_built=\u00bb1&#8243; _builder_version=\u00bb4.27.5&#8243; _module_preset=\u00bbdefault\u00bb global_colors_info=\u00bb{}\u00bb][et_pb_row _builder_version=\u00bb4.27.5&#8243; _module_preset=\u00bbdefault\u00bb global_colors_info=\u00bb{}\u00bb][et_pb_column type=\u00bb4_4&#8243; _builder_version=\u00bb4.27.5&#8243; _module_preset=\u00bbdefault\u00bb global_colors_info=\u00bb{}\u00bb][et_pb_text _builder_version=\u00bb4.27.5&#8243; _module_preset=\u00bbdefault\u00bb hover_enabled=\u00bb0&#8243; global_colors_info=\u00bb{}\u00bb sticky_enabled=\u00bb0&#8243;]<\/p>\n<p style=\"text-align: center;\">Zapo Lodge est\u00e1 concebido como un lugar de reconexi\u00f3n, donde la calma del Valle Sagrado invita al descanso y al equilibrio interior.<\/p>\n<p>[\/et_pb_text][\/et_pb_column][\/et_pb_row][et_pb_row column_structure=\u00bb1_2,1_2&#8243; make_equal=\u00bbon\u00bb _builder_version=\u00bb4.27.5&#8243; _module_preset=\u00bbdefault\u00bb animation_style=\u00bbfade\u00bb global_colors_info=\u00bb{}\u00bb][et_pb_column type=\u00bb1_2&#8243; module_class=\u00bbcentrer-verticalement\u00bb _builder_version=\u00bb4.27.5&#8243; _module_preset=\u00bbdefault\u00bb global_colors_info=\u00bb{}\u00bb][et_pb_text _builder_version=\u00bb4.27.5&#8243; _module_preset=\u00bbdefault\u00bb header_2_font=\u00bbPoppins|800|||||||\u00bb header_2_text_align=\u00bbleft\u00bb header_2_text_color=\u00bb#2F9296&#8243; text_orientation=\u00bbjustified\u00bb hover_enabled=\u00bb0&#8243; global_colors_info=\u00bb{}\u00bb sticky_enabled=\u00bb0&#8243;]<\/p>\n<h2 data-start=\"108\" data-end=\"157\"><strong data-start=\"108\" data-end=\"155\">Masajes y tratamientos (con reserva previa)<\/strong><\/h2>\n<p data-start=\"159\" data-end=\"226\"><strong data-start=\"159\" data-end=\"186\">Duraciones disponibles:<\/strong> 60 minutos \u2013 90 minutos \u2013 120 minutos<\/p>\n<p data-start=\"228\" data-end=\"439\"><strong data-start=\"228\" data-end=\"249\">Masaje relajante:<\/strong> relajaci\u00f3n profunda y liberaci\u00f3n de tensiones<br data-start=\"295\" data-end=\"298\" \/><strong data-start=\"298\" data-end=\"321\">Masaje terap\u00e9utico:<\/strong> recuperaci\u00f3n muscular despu\u00e9s de las excursiones<br data-start=\"370\" data-end=\"373\" \/><strong data-start=\"373\" data-end=\"402\">Masaje energ\u00e9tico andino:<\/strong> armonizaci\u00f3n del cuerpo y la mente<\/p>\n<p>[\/et_pb_text][et_pb_button button_url=\u00bb#contact\u00bb button_text=\u00bbCont\u00e1ctenos\u00bb button_alignment=\u00bbcenter\u00bb _builder_version=\u00bb4.27.5&#8243; _module_preset=\u00bbdefault\u00bb hover_enabled=\u00bb0&#8243; global_colors_info=\u00bb{}\u00bb sticky_enabled=\u00bb0&#8243;][\/et_pb_button][\/et_pb_column][et_pb_column type=\u00bb1_2&#8243; module_class=\u00bbcentrer-verticalement\u00bb _builder_version=\u00bb4.27.5&#8243; _module_preset=\u00bbdefault\u00bb global_colors_info=\u00bb{}\u00bb][et_pb_image src=\u00bbhttps:\/\/zapolodge.com\/wp-content\/uploads\/2026\/01\/13956.jpg\u00bb title_text=\u00bb13956&#8243; _builder_version=\u00bb4.27.5&#8243; _module_preset=\u00bbdefault\u00bb global_colors_info=\u00bb{}\u00bb][\/et_pb_image][\/et_pb_column][\/et_pb_row][et_pb_row column_structure=\u00bb1_2,1_2&#8243; make_equal=\u00bbon\u00bb _builder_version=\u00bb4.27.5&#8243; _module_preset=\u00bbdefault\u00bb animation_style=\u00bbfade\u00bb global_colors_info=\u00bb{}\u00bb][et_pb_column type=\u00bb1_2&#8243; _builder_version=\u00bb4.27.5&#8243; _module_preset=\u00bbdefault\u00bb global_colors_info=\u00bb{}\u00bb][dipi_masonry_gallery columns=\u00bb1&#8243; _builder_version=\u00bb4.27.5&#8243; _module_preset=\u00bbdefault\u00bb global_colors_info=\u00bb{}\u00bb][\/dipi_masonry_gallery][et_pb_image src=\u00bbhttps:\/\/zapolodge.com\/wp-content\/uploads\/2026\/01\/9658.jpg\u00bb title_text=\u00bb9658&#8243; _builder_version=\u00bb4.27.5&#8243; _module_preset=\u00bbdefault\u00bb global_colors_info=\u00bb{}\u00bb][\/et_pb_image][\/et_pb_column][et_pb_column type=\u00bb1_2&#8243; module_class=\u00bbcentrer-verticalement\u00bb _builder_version=\u00bb4.27.5&#8243; _module_preset=\u00bbdefault\u00bb global_colors_info=\u00bb{}\u00bb][et_pb_text _builder_version=\u00bb4.27.5&#8243; _module_preset=\u00bbdefault\u00bb header_2_font=\u00bbPoppins|800|||||||\u00bb header_2_text_align=\u00bbleft\u00bb header_2_text_color=\u00bb#2F9296&#8243; text_orientation=\u00bbjustified\u00bb hover_enabled=\u00bb0&#8243; global_colors_info=\u00bb{}\u00bb sticky_enabled=\u00bb0&#8243;]<\/p>\n<h2 data-start=\"103\" data-end=\"144\"><strong data-start=\"103\" data-end=\"144\">Sala de yoga, meditaci\u00f3n y ceremonias<\/strong><\/h2>\n<p data-start=\"146\" data-end=\"182\">Un espacio dedicado disponible para:<\/p>\n<p data-start=\"184\" data-end=\"279\">Yoga<br data-start=\"188\" data-end=\"191\" \/>Meditaci\u00f3n<br data-start=\"201\" data-end=\"204\" \/>Momentos de silencio y contemplaci\u00f3n<br data-start=\"240\" data-end=\"243\" \/>Ceremonias privadas (bajo solicitud)<\/p>\n<p>[\/et_pb_text][et_pb_button button_url=\u00bb#contact\u00bb button_text=\u00bbCont\u00e1ctenos\u00bb button_alignment=\u00bbcenter\u00bb _builder_version=\u00bb4.27.5&#8243; _module_preset=\u00bbdefault\u00bb hover_enabled=\u00bb0&#8243; global_colors_info=\u00bb{}\u00bb sticky_enabled=\u00bb0&#8243;][\/et_pb_button][\/et_pb_column][\/et_pb_row][\/et_pb_section]<\/p>\n","protected":false},"excerpt":{"rendered":"<p>Bienestar y reconexi\u00f3nZapo Lodge est\u00e1 concebido como un lugar de reconexi\u00f3n, donde la calma del Valle Sagrado invita al descanso y al equilibrio interior.Masajes y tratamientos (con reserva previa) Duraciones disponibles: 60 minutos \u2013 90 minutos \u2013 120 minutos Masaje relajante: relajaci\u00f3n profunda y liberaci\u00f3n de tensionesMasaje terap\u00e9utico: recuperaci\u00f3n muscular despu\u00e9s de las excursionesMasaje energ\u00e9tico [&hellip;]<\/p>\n","protected":false},"author":1,"featured_media":25996121,"parent":0,"menu_order":0,"comment_status":"closed","ping_status":"closed","template":"","meta":{"_et_pb_use_builder":"on","_et_pb_old_content":"","_et_gb_content_width":"","footnotes":""},"dipi_cpt_category":[],"class_list":["post-25996120","page","type-page","status-publish","has-post-thumbnail","hentry"],"_links":{"self":[{"href":"https:\/\/zapolodge.com\/es\/wp-json\/wp\/v2\/pages\/25996120","targetHints":{"allow":["GET"]}}],"collection":[{"href":"https:\/\/zapolodge.com\/es\/wp-json\/wp\/v2\/pages"}],"about":[{"href":"https:\/\/zapolodge.com\/es\/wp-json\/wp\/v2\/types\/page"}],"author":[{"embeddable":true,"href":"https:\/\/zapolodge.com\/es\/wp-json\/wp\/v2\/users\/1"}],"replies":[{"embeddable":true,"href":"https:\/\/zapolodge.com\/es\/wp-json\/wp\/v2\/comments?post=25996120"}],"version-history":[{"count":4,"href":"https:\/\/zapolodge.com\/es\/wp-json\/wp\/v2\/pages\/25996120\/revisions"}],"predecessor-version":[{"id":25996125,"href":"https:\/\/zapolodge.com\/es\/wp-json\/wp\/v2\/pages\/25996120\/revisions\/25996125"}],"wp:featuredmedia":[{"embeddable":true,"href":"https:\/\/zapolodge.com\/es\/wp-json\/wp\/v2\/media\/25996121"}],"wp:attachment":[{"href":"https:\/\/zapolodge.com\/es\/wp-json\/wp\/v2\/media?parent=25996120"}],"wp:term":[{"taxonomy":"dipi_cpt_category","embeddable":true,"href":"https:\/\/zapolodge.com\/es\/wp-json\/wp\/v2\/dipi_cpt_category?post=25996120"}],"curies":[{"name":"wp","href":"https:\/\/api.w.org\/{rel}","templated":true}]}}